{"id":2371,"date":"2025-04-21T02:18:06","date_gmt":"2025-04-21T02:18:06","guid":{"rendered":"https:\/\/bajaisyou.com\/politica-de-reembolsos-y-devoluciones\/"},"modified":"2025-11-17T04:06:16","modified_gmt":"2025-11-17T04:06:16","slug":"politica-de-reembolsos-y-devoluciones","status":"publish","type":"page","link":"https:\/\/bajaisyou.com\/es\/politica-de-reembolsos-y-devoluciones\/","title":{"rendered":"Pol\u00edtica de Reembolsos y Devoluciones"},"content":{"rendered":"\n<p><\/p>\n\n<h2 class=\"wp-block-heading\"><\/h2>\n\n<p><\/p><p class=\"\" data-start=\"304\" data-end=\"375\"><strong data-start=\"304\" data-end=\"375\">Pol\u00edtica de Cancelaci\u00f3n y cambio de fechas \u2013 Tours y actividades (Los Cabos)<\/strong><\/p>\n<p class=\"\" data-start=\"377\" data-end=\"556\">Entendemos que los planes pueden cambiar, y estamos aqu\u00ed para hacer que el proceso sea fluido y justo para todos los involucrados. Por favor, revisa nuestras pol\u00edticas de cancelaci\u00f3n y modificaci\u00f3n a continuaci\u00f3n <\/p>\n<ul data-start=\"558\" data-end=\"1912\">\n<li class=\"\" data-start=\"558\" data-end=\"707\">\n<p class=\"\" data-start=\"560\" data-end=\"707\"><strong data-start=\"560\" data-end=\"578\">Cancelaciones<\/strong><br data-start=\"578\" data-end=\"581\"\/>Las cancelaciones deben realizarse al menos <strong data-start=\"619\" data-end=\"679\">72 horas antes del servicio programado o la fecha de check-in<\/strong> para recibir un reembolso completo.<br\/><br\/><br\/><br\/><\/p>\n<\/li>\n<li class=\"\" data-start=\"709\" data-end=\"848\">\n<p class=\"\" data-start=\"711\" data-end=\"848\"><strong data-start=\"711\" data-end=\"724\">No presentaci\u00f3n:<\/strong><br data-start=\"724\" data-end=\"727\"\/>Los hu\u00e9spedes que no se presenten a su actividad programada ser\u00e1n cargados con el <strong data-start=\"804\" data-end=\"819\">monto completo<\/strong>. Este cargo <strong data-start=\"829\" data-end=\"847\">no es reembolsable.<\/strong> <\/p>\n<\/li>\n<li class=\"\" data-start=\"850\" data-end=\"1000\">\n<p class=\"\" data-start=\"852\" data-end=\"1000\"><strong data-start=\"852\" data-end=\"896\">Cancelaciones el mismo d\u00eda (Enel Destino):<\/strong><br data-start=\"896\" data-end=\"899\"\/>Las cancelaciones realizadas <strong data-start=\"920\" data-end=\"961\">dentro de las 72 horas previas al horario programado<\/strong> tendr\u00e1n un <strong data-start=\"975\" data-end=\"999\">cargo del 50%<\/strong>.<\/p>\n<\/li>\n<li class=\"\" data-start=\"1002\" data-end=\"1216\">\n<p class=\"\" data-start=\"1004\" data-end=\"1216\"><strong data-start=\"1004\" data-end=\"1047\">Servicios de Transporte, Chef y Spa:<\/strong><br data-start=\"1047\" data-end=\"1050\"\/>Estos servicios pueden <strong data-start=\"1074\" data-end=\"1118\">reprogramarse seg\u00fan la disponibilidad del proveedor<\/strong>. Puede aplicarse una<strong data-start=\"1122\" data-end=\"1137\"> tarifa de penalizaci\u00f3n<\/strong>, dependiendo de la pol\u00edtica del proveedor y del costo total del servicio. <\/p>\n<\/li>\n<li class=\"\" data-start=\"1218\" data-end=\"1544\">\n<p class=\"\" data-start=\"1220\" data-end=\"1544\"><strong data-start=\"1220\" data-end=\"1254\">Weather-Related Cancellations:<\/strong><br data-start=\"1254\" data-end=\"1257\"\/>In the event of adverse weather conditions that affect the safety or feasibility of the activity, we will do our best to <strong data-start=\"1380\" data-end=\"1407\">reschedule your service<\/strong>, subject to availability. If rescheduling is not possible, a <strong data-start=\"1469\" data-end=\"1509\">partial or full refund may be issued<\/strong>, depending on the season &amp; vendor\u2019s policy. <\/p>\n<\/li>\n<li class=\"\" data-start=\"1546\" data-end=\"1745\">\n<p class=\"\" data-start=\"1548\" data-end=\"1745\"><strong data-start=\"1548\" data-end=\"1566\">Modificaciones:<\/strong><br data-start=\"1566\" data-end=\"1569\"\/>Los cambios en su reserva (como tipo de servicio, horario o n\u00famero de hu\u00e9spedes) deben solicitarse con <strong data-start=\"1663\" data-end=\"1695\">al menos 72 horas de anticipaci\u00f3n<\/strong> y est\u00e1n sujetos a <strong data-start=\"1715\" data-end=\"1744\">disponibilidad, temporada y aprobaci\u00f3n.<\/strong><\/p>\n<\/li>\n<li class=\"\" data-start=\"1747\" data-end=\"1912\">\n<p class=\"\" data-start=\"1749\" data-end=\"1912\"><strong data-start=\"1749\" data-end=\"1768\">Nota importante:<\/strong><br data-start=\"1768\" data-end=\"1771\"\/>La disponibilidad puede variar. Si no ha hablado directamente con un representante, por favor <strong data-start=\"1857\" data-end=\"1911\">cont\u00e1ctenos para confirmar su servicio y cualquier cambio<\/strong>. <\/p>\n<\/li>\n<\/ul>\n<p class=\"\" data-start=\"1914\" data-end=\"2024\">Gracias por tu comprensi\u00f3n y cooperaci\u00f3n. \u00a1Esperamos poder ayudarte a disfrutar de tu tiempo en Los Cabos! <\/p>\n\n<h2 class=\"wp-block-heading\">\u00bfNecesitas ayuda?<\/h2>\n\n<p>Cont\u00e1ctanos en info@bajaisyou.com para cualquier pregunta relacionada con reembolsos y cancelaciones.<\/p>\n","protected":false},"excerpt":{"rendered":"<p>Pol\u00edtica de Cancelaci\u00f3n y cambio de fechas \u2013 Tours y actividades (Los Cabos) Entendemos que los planes pueden cambiar, y estamos aqu\u00ed para hacer que el proceso sea fluido y&#8230;<\/p>\n","protected":false},"author":1,"featured_media":0,"parent":0,"menu_order":0,"comment_status":"closed","ping_status":"closed","template":"","meta":{"footnotes":""},"class_list":["post-2371","page","type-page","status-publish"],"acf":[],"yoast_head":"<!-- This site is optimized with the Yoast SEO plugin v27.5 - https:\/\/yoast.com\/product\/yoast-seo-wordpress\/ -->\n<title>Pol\u00edtica de Reembolsos y Devoluciones - Baja is You<\/title>\n<meta name=\"description\" content=\"Consulta nuestra pol\u00edtica de cancelaci\u00f3n clara y flexible para tours y actividades en Los Cabos. Conoce las reglas de reembolso, opciones de ca,bio de fecha, excepciones por clima y t\u00e9rminos especiales para la semana de Navidad y A\u00f1o Nuevo.\" \/>\n<meta name=\"robots\" content=\"index, follow, max-snippet:-1, max-image-preview:large, max-video-preview:-1\" \/>\n<link rel=\"canonical\" href=\"https:\/\/bajaisyou.com\/es\/politica-de-reembolsos-y-devoluciones\/\" \/>\n<meta property=\"og:locale\" content=\"es_ES\" \/>\n<meta property=\"og:type\" content=\"article\" \/>\n<meta property=\"og:title\" content=\"Pol\u00edtica de Reembolsos y Devoluciones - Baja is You\" \/>\n<meta property=\"og:description\" content=\"Consulta nuestra pol\u00edtica de cancelaci\u00f3n clara y flexible para tours y actividades en Los Cabos. Conoce las reglas de reembolso, opciones de ca,bio de fecha, excepciones por clima y t\u00e9rminos especiales para la semana de Navidad y A\u00f1o Nuevo.\" \/>\n<meta property=\"og:url\" content=\"https:\/\/bajaisyou.com\/es\/politica-de-reembolsos-y-devoluciones\/\" \/>\n<meta property=\"og:site_name\" content=\"Baja is You\" \/>\n<meta property=\"article:modified_time\" content=\"2025-11-17T04:06:16+00:00\" \/>\n<meta name=\"twitter:card\" content=\"summary_large_image\" \/>\n<meta name=\"twitter:label1\" content=\"Tiempo de lectura\" \/>\n\t<meta name=\"twitter:data1\" content=\"2 minutos\" \/>\n<script type=\"application\/ld+json\" class=\"yoast-schema-graph\">{\"@context\":\"https:\\\/\\\/schema.org\",\"@graph\":[{\"@type\":\"WebPage\",\"@id\":\"https:\\\/\\\/bajaisyou.com\\\/es\\\/politica-de-reembolsos-y-devoluciones\\\/\",\"url\":\"https:\\\/\\\/bajaisyou.com\\\/es\\\/politica-de-reembolsos-y-devoluciones\\\/\",\"name\":\"Pol\u00edtica de Reembolsos y Devoluciones - Baja is You\",\"isPartOf\":{\"@id\":\"https:\\\/\\\/bajaisyou.com\\\/es\\\/#website\"},\"datePublished\":\"2025-04-21T02:18:06+00:00\",\"dateModified\":\"2025-11-17T04:06:16+00:00\",\"description\":\"Consulta nuestra pol\u00edtica de cancelaci\u00f3n clara y flexible para tours y actividades en Los Cabos. Conoce las reglas de reembolso, opciones de ca,bio de fecha, excepciones por clima y t\u00e9rminos especiales para la semana de Navidad y A\u00f1o Nuevo.\",\"breadcrumb\":{\"@id\":\"https:\\\/\\\/bajaisyou.com\\\/es\\\/politica-de-reembolsos-y-devoluciones\\\/#breadcrumb\"},\"inLanguage\":\"es\",\"potentialAction\":[{\"@type\":\"ReadAction\",\"target\":[\"https:\\\/\\\/bajaisyou.com\\\/es\\\/politica-de-reembolsos-y-devoluciones\\\/\"]}]},{\"@type\":\"BreadcrumbList\",\"@id\":\"https:\\\/\\\/bajaisyou.com\\\/es\\\/politica-de-reembolsos-y-devoluciones\\\/#breadcrumb\",\"itemListElement\":[{\"@type\":\"ListItem\",\"position\":1,\"name\":\"Home\",\"item\":\"https:\\\/\\\/bajaisyou.com\\\/es\\\/\"},{\"@type\":\"ListItem\",\"position\":2,\"name\":\"Pol\u00edtica de Reembolsos y Devoluciones\"}]},{\"@type\":\"WebSite\",\"@id\":\"https:\\\/\\\/bajaisyou.com\\\/es\\\/#website\",\"url\":\"https:\\\/\\\/bajaisyou.com\\\/es\\\/\",\"name\":\"Baja is You\",\"description\":\"Destination Specialists\",\"publisher\":{\"@id\":\"https:\\\/\\\/bajaisyou.com\\\/es\\\/#\\\/schema\\\/person\\\/a58438fb8a2d01671e1299923aeb08d8\"},\"potentialAction\":[{\"@type\":\"SearchAction\",\"target\":{\"@type\":\"EntryPoint\",\"urlTemplate\":\"https:\\\/\\\/bajaisyou.com\\\/es\\\/?s={search_term_string}\"},\"query-input\":{\"@type\":\"PropertyValueSpecification\",\"valueRequired\":true,\"valueName\":\"search_term_string\"}}],\"inLanguage\":\"es\"},{\"@type\":[\"Person\",\"Organization\"],\"@id\":\"https:\\\/\\\/bajaisyou.com\\\/es\\\/#\\\/schema\\\/person\\\/a58438fb8a2d01671e1299923aeb08d8\",\"name\":\"Jessica\",\"image\":{\"@type\":\"ImageObject\",\"inLanguage\":\"es\",\"@id\":\"http:\\\/\\\/bajaisyou.com\\\/wp-content\\\/uploads\\\/2024\\\/10\\\/Coco.png\",\"url\":\"http:\\\/\\\/bajaisyou.com\\\/wp-content\\\/uploads\\\/2024\\\/10\\\/Coco.png\",\"contentUrl\":\"http:\\\/\\\/bajaisyou.com\\\/wp-content\\\/uploads\\\/2024\\\/10\\\/Coco.png\",\"width\":768,\"height\":951,\"caption\":\"Jessica\"},\"logo\":{\"@id\":\"http:\\\/\\\/bajaisyou.com\\\/wp-content\\\/uploads\\\/2024\\\/10\\\/Coco.png\"},\"sameAs\":[\"http:\\\/\\\/bajaisyou.com\"]}]}<\/script>\n<!-- \/ Yoast SEO plugin. -->","yoast_head_json":{"title":"Pol\u00edtica de Reembolsos y Devoluciones - Baja is You","description":"Consulta nuestra pol\u00edtica de cancelaci\u00f3n clara y flexible para tours y actividades en Los Cabos. Conoce las reglas de reembolso, opciones de ca,bio de fecha, excepciones por clima y t\u00e9rminos especiales para la semana de Navidad y A\u00f1o Nuevo.","robots":{"index":"index","follow":"follow","max-snippet":"max-snippet:-1","max-image-preview":"max-image-preview:large","max-video-preview":"max-video-preview:-1"},"canonical":"https:\/\/bajaisyou.com\/es\/politica-de-reembolsos-y-devoluciones\/","og_locale":"es_ES","og_type":"article","og_title":"Pol\u00edtica de Reembolsos y Devoluciones - Baja is You","og_description":"Consulta nuestra pol\u00edtica de cancelaci\u00f3n clara y flexible para tours y actividades en Los Cabos. Conoce las reglas de reembolso, opciones de ca,bio de fecha, excepciones por clima y t\u00e9rminos especiales para la semana de Navidad y A\u00f1o Nuevo.","og_url":"https:\/\/bajaisyou.com\/es\/politica-de-reembolsos-y-devoluciones\/","og_site_name":"Baja is You","article_modified_time":"2025-11-17T04:06:16+00:00","twitter_card":"summary_large_image","twitter_misc":{"Tiempo de lectura":"2 minutos"},"schema":{"@context":"https:\/\/schema.org","@graph":[{"@type":"WebPage","@id":"https:\/\/bajaisyou.com\/es\/politica-de-reembolsos-y-devoluciones\/","url":"https:\/\/bajaisyou.com\/es\/politica-de-reembolsos-y-devoluciones\/","name":"Pol\u00edtica de Reembolsos y Devoluciones - Baja is You","isPartOf":{"@id":"https:\/\/bajaisyou.com\/es\/#website"},"datePublished":"2025-04-21T02:18:06+00:00","dateModified":"2025-11-17T04:06:16+00:00","description":"Consulta nuestra pol\u00edtica de cancelaci\u00f3n clara y flexible para tours y actividades en Los Cabos. Conoce las reglas de reembolso, opciones de ca,bio de fecha, excepciones por clima y t\u00e9rminos especiales para la semana de Navidad y A\u00f1o Nuevo.","breadcrumb":{"@id":"https:\/\/bajaisyou.com\/es\/politica-de-reembolsos-y-devoluciones\/#breadcrumb"},"inLanguage":"es","potentialAction":[{"@type":"ReadAction","target":["https:\/\/bajaisyou.com\/es\/politica-de-reembolsos-y-devoluciones\/"]}]},{"@type":"BreadcrumbList","@id":"https:\/\/bajaisyou.com\/es\/politica-de-reembolsos-y-devoluciones\/#breadcrumb","itemListElement":[{"@type":"ListItem","position":1,"name":"Home","item":"https:\/\/bajaisyou.com\/es\/"},{"@type":"ListItem","position":2,"name":"Pol\u00edtica de Reembolsos y Devoluciones"}]},{"@type":"WebSite","@id":"https:\/\/bajaisyou.com\/es\/#website","url":"https:\/\/bajaisyou.com\/es\/","name":"Baja is You","description":"Destination Specialists","publisher":{"@id":"https:\/\/bajaisyou.com\/es\/#\/schema\/person\/a58438fb8a2d01671e1299923aeb08d8"},"potentialAction":[{"@type":"SearchAction","target":{"@type":"EntryPoint","urlTemplate":"https:\/\/bajaisyou.com\/es\/?s={search_term_string}"},"query-input":{"@type":"PropertyValueSpecification","valueRequired":true,"valueName":"search_term_string"}}],"inLanguage":"es"},{"@type":["Person","Organization"],"@id":"https:\/\/bajaisyou.com\/es\/#\/schema\/person\/a58438fb8a2d01671e1299923aeb08d8","name":"Jessica","image":{"@type":"ImageObject","inLanguage":"es","@id":"http:\/\/bajaisyou.com\/wp-content\/uploads\/2024\/10\/Coco.png","url":"http:\/\/bajaisyou.com\/wp-content\/uploads\/2024\/10\/Coco.png","contentUrl":"http:\/\/bajaisyou.com\/wp-content\/uploads\/2024\/10\/Coco.png","width":768,"height":951,"caption":"Jessica"},"logo":{"@id":"http:\/\/bajaisyou.com\/wp-content\/uploads\/2024\/10\/Coco.png"},"sameAs":["http:\/\/bajaisyou.com"]}]}},"jetpack_sharing_enabled":true,"_links":{"self":[{"href":"https:\/\/bajaisyou.com\/es\/wp-json\/wp\/v2\/pages\/2371","targetHints":{"allow":["GET"]}}],"collection":[{"href":"https:\/\/bajaisyou.com\/es\/wp-json\/wp\/v2\/pages"}],"about":[{"href":"https:\/\/bajaisyou.com\/es\/wp-json\/wp\/v2\/types\/page"}],"author":[{"embeddable":true,"href":"https:\/\/bajaisyou.com\/es\/wp-json\/wp\/v2\/users\/1"}],"replies":[{"embeddable":true,"href":"https:\/\/bajaisyou.com\/es\/wp-json\/wp\/v2\/comments?post=2371"}],"version-history":[{"count":1,"href":"https:\/\/bajaisyou.com\/es\/wp-json\/wp\/v2\/pages\/2371\/revisions"}],"predecessor-version":[{"id":2374,"href":"https:\/\/bajaisyou.com\/es\/wp-json\/wp\/v2\/pages\/2371\/revisions\/2374"}],"wp:attachment":[{"href":"https:\/\/bajaisyou.com\/es\/wp-json\/wp\/v2\/media?parent=2371"}],"curies":[{"name":"wp","href":"https:\/\/api.w.org\/{rel}","templated":true}]}}