{"id":2143,"date":"2025-04-21T01:41:07","date_gmt":"2025-04-21T07:41:07","guid":{"rendered":"http:\/\/bajaisyou.com\/carrito\/"},"modified":"2026-04-26T12:35:20","modified_gmt":"2026-04-26T18:35:20","slug":"carrito","status":"publish","type":"page","link":"https:\/\/bajaisyou.com\/es\/carrito\/","title":{"rendered":"Carrito"},"content":{"rendered":"[vc_row type=\u00bbin_container\u00bb full_screen_row_position=\u00bbmiddle\u00bb column_margin=\u00bbdefault\u00bb column_direction=\u00bbdefault\u00bb column_direction_tablet=\u00bbdefault\u00bb column_direction_phone=\u00bbdefault\u00bb scene_position=\u00bbcenter\u00bb text_color=\u00bbdark\u00bb text_align=\u00bbleft\u00bb row_border_radius=\u00bbnone\u00bb row_border_radius_applies=\u00bbbg\u00bb overflow=\u00bbvisible\u00bb overlay_strength=\u00bb0.3&#8243; gradient_direction=\u00bbleft_to_right\u00bb shape_divider_position=\u00bbbottom\u00bb bg_image_animation=\u00bbnone\u00bb][vc_column column_padding=\u00bbno-extra-padding\u00bb column_padding_tablet=\u00bbinherit\u00bb column_padding_phone=\u00bbinherit\u00bb column_padding_position=\u00bball\u00bb column_element_direction_desktop=\u00bbdefault\u00bb column_element_spacing=\u00bbdefault\u00bb desktop_text_alignment=\u00bbdefault\u00bb tablet_text_alignment=\u00bbdefault\u00bb phone_text_alignment=\u00bbdefault\u00bb background_color_opacity=\u00bb1&#8243; background_hover_color_opacity=\u00bb1&#8243; column_backdrop_filter=\u00bbnone\u00bb column_shadow=\u00bbnone\u00bb column_border_radius=\u00bbnone\u00bb column_link_target=\u00bb_self\u00bb column_position=\u00bbdefault\u00bb gradient_direction=\u00bbleft_to_right\u00bb overlay_strength=\u00bb0.3&#8243; width=\u00bb1\/1&#8243; tablet_width_inherit=\u00bbdefault\u00bb animation_type=\u00bbdefault\u00bb bg_image_animation=\u00bbnone\u00bb border_type=\u00bbsimple\u00bb column_border_width=\u00bbnone\u00bb column_border_style=\u00bbsolid\u00bb][vc_column_text css=\u00bb\u00bb text_direction=\u00bbdefault\u00bb][\/vc_column_text][vc_column_text css=\u00bb\u00bb text_direction=\u00bbdefault\u00bb]\n<h3>Pol\u00edticas de Reservaci\u00f3n<\/h3>\n<p>Se requiere un pago por adelantado del 100% si solo se contrata el transporte de traslado, o si el monto total de las actividades es inferior a $500 USD.<br \/>\nPara todas las dem\u00e1s reservas, se requiere un dep\u00f3sito del 50 % para confirmar sus servicios y tours. Por favor, env\u00ede el dep\u00f3sito inicial dentro de las 48 horas posteriores a la recepci\u00f3n del enlace de pago; de lo contrario, deber\u00e1 solicitar uno nuevo.<br \/>Tenga en cuenta que reservar servicios de transporte no garantiza el acceso inmediato a su villa o condominio. El check-in anticipado debe ser confirmado directamente con el administrador de la propiedad por parte del cliente antes de la llegada.<br \/>El pago total del alquiler del auto se requiere al momento de confirmar el servicio y se puede realizar mediante un enlace de pago seguro. Se aplicar\u00e1 un hold (retenci\u00f3n) en la tarjeta de cr\u00e9dito en el momento de la entrega del veh\u00edculo.<br \/>Los servicios no se proporcionar\u00e1n sin el pago completo por adelantado.<br \/>El pago final debe completarse antes de su fecha de check-in. Aceptamos diversos m\u00e9todos de pago, como transferencia bancaria, efectivo y tarjetas de cr\u00e9dito o d\u00e9bito.<br \/>Tenga en cuenta que los cargos en tarjetas de cr\u00e9dito y d\u00e9bito estadounidenses se procesar\u00e1n en pesos mexicanos (MXN) al tipo de cambio determinado por la empresa, el cual est\u00e1 sujeto a cambios sin previo aviso. Cotizaci\u00f3n v\u00e1lida por 15 d\u00edas.<br \/>Tenga en cuenta que todas las transacciones con tarjeta tendr\u00e1n un recargo del 4.06 % sobre el precio del servicio.<br \/>Las cancelaciones deben realizarse 72 horas antes de la fecha de llegada para actividades espec\u00edficas. Los dep\u00f3sitos y las ausencias (no shows) no son reembolsables.<br \/>En caso de cancelaciones de \u00faltimo momento debido al clima, no estar\u00e1 disponible la reprogramaci\u00f3n de los art\u00edculos comprados. Los tours y actividades podr\u00e1n reprogramarse para una fecha posterior.<br \/>En caso de cancelaci\u00f3n dentro de los 5 d\u00edas anteriores a un evento programado, decoraci\u00f3n o celebraci\u00f3n, haremos todo lo posible por aceptar una solicitud de reprogramaci\u00f3n, sujeto a disponibilidad. Sin embargo, tenga en cuenta que la reprogramaci\u00f3n no est\u00e1 garantizada.[\/vc_column_text][vc_column_text css=\u00bb\u00bb text_direction=\u00bbdefault\u00bb]\n<h3>T\u00c9RMINOS &amp; Condiciones<\/h3>\n<p>Los servicios no se proporcionar\u00e1n sin el pago completo por adelantado.<br \/>\nEl pago final debe completarse antes de su fecha de check-in. Aceptamos diversos m\u00e9todos de pago, como transferencia bancaria, efectivo y tarjetas de cr\u00e9dito o d\u00e9bito.<br \/>Tenga en cuenta que los cargos en tarjetas de cr\u00e9dito y d\u00e9bito estadounidenses se procesar\u00e1n en pesos mexicanos (MXN) al tipo de cambio determinado por la empresa, el cual est\u00e1 sujeto a cambios sin previo aviso. Cotizaci\u00f3n v\u00e1lida por 15 d\u00edas.<br \/>Las cancelaciones deben realizarse 72 horas antes de la fecha de llegada para actividades espec\u00edficas. Los dep\u00f3sitos y las ausencias (no shows) no son reembolsables.<br \/>En caso de cancelaciones de \u00faltimo momento debido al clima, no ser\u00e1 posible reprogramar si el veh\u00edculo ya ha llegado al aeropuerto.   <\/p>\n<p>&nbsp;<\/p>\n[\/vc_column_text][\/vc_column][\/vc_row]\n","protected":false},"excerpt":{"rendered":"<p>[vc_row type=\u00bbin_container\u00bb full_screen_row_position=\u00bbmiddle\u00bb column_margin=\u00bbdefault\u00bb column_direction=\u00bbdefault\u00bb column_direction_tablet=\u00bbdefault\u00bb column_direction_phone=\u00bbdefault\u00bb scene_position=\u00bbcenter\u00bb text_color=\u00bbdark\u00bb text_align=\u00bbleft\u00bb row_border_radius=\u00bbnone\u00bb row_border_radius_applies=\u00bbbg\u00bb overflow=\u00bbvisible\u00bb overlay_strength=\u00bb0.3&#8243; gradient_direction=\u00bbleft_to_right\u00bb shape_divider_position=\u00bbbottom\u00bb bg_image_animation=\u00bbnone\u00bb][vc_column column_padding=\u00bbno-extra-padding\u00bb column_padding_tablet=\u00bbinherit\u00bb column_padding_phone=\u00bbinherit\u00bb column_padding_position=\u00bball\u00bb column_element_direction_desktop=\u00bbdefault\u00bb column_element_spacing=\u00bbdefault\u00bb desktop_text_alignment=\u00bbdefault\u00bb tablet_text_alignment=\u00bbdefault\u00bb phone_text_alignment=\u00bbdefault\u00bb background_color_opacity=\u00bb1&#8243; background_hover_color_opacity=\u00bb1&#8243; column_backdrop_filter=\u00bbnone\u00bb column_shadow=\u00bbnone\u00bb&#8230;<\/p>\n","protected":false},"author":1,"featured_media":0,"parent":0,"menu_order":0,"comment_status":"closed","ping_status":"closed","template":"","meta":{"footnotes":""},"class_list":["post-2143","page","type-page","status-publish"],"acf":[],"yoast_head":"<!-- This site is optimized with the Yoast SEO plugin v27.5 - https:\/\/yoast.com\/product\/yoast-seo-wordpress\/ -->\n<title>Carrito - Baja is You<\/title>\n<meta name=\"robots\" content=\"index, follow, max-snippet:-1, max-image-preview:large, max-video-preview:-1\" \/>\n<link rel=\"canonical\" href=\"https:\/\/bajaisyou.com\/es\/carrito\/\" \/>\n<meta property=\"og:locale\" content=\"es_ES\" \/>\n<meta property=\"og:type\" content=\"article\" \/>\n<meta property=\"og:title\" content=\"Carrito - Baja is You\" \/>\n<meta property=\"og:description\" content=\"[vc_row type=\u00bbin_container\u00bb full_screen_row_position=\u00bbmiddle\u00bb column_margin=\u00bbdefault\u00bb column_direction=\u00bbdefault\u00bb column_direction_tablet=\u00bbdefault\u00bb column_direction_phone=\u00bbdefault\u00bb scene_position=\u00bbcenter\u00bb text_color=\u00bbdark\u00bb text_align=\u00bbleft\u00bb row_border_radius=\u00bbnone\u00bb row_border_radius_applies=\u00bbbg\u00bb overflow=\u00bbvisible\u00bb overlay_strength=\u00bb0.3&#8243; gradient_direction=\u00bbleft_to_right\u00bb shape_divider_position=\u00bbbottom\u00bb bg_image_animation=\u00bbnone\u00bb][vc_column column_padding=\u00bbno-extra-padding\u00bb column_padding_tablet=\u00bbinherit\u00bb column_padding_phone=\u00bbinherit\u00bb column_padding_position=\u00bball\u00bb column_element_direction_desktop=\u00bbdefault\u00bb column_element_spacing=\u00bbdefault\u00bb desktop_text_alignment=\u00bbdefault\u00bb tablet_text_alignment=\u00bbdefault\u00bb phone_text_alignment=\u00bbdefault\u00bb background_color_opacity=\u00bb1&#8243; background_hover_color_opacity=\u00bb1&#8243; column_backdrop_filter=\u00bbnone\u00bb column_shadow=\u00bbnone\u00bb...\" \/>\n<meta property=\"og:url\" content=\"https:\/\/bajaisyou.com\/es\/carrito\/\" \/>\n<meta property=\"og:site_name\" content=\"Baja is You\" \/>\n<meta property=\"article:modified_time\" content=\"2026-04-26T18:35:20+00:00\" \/>\n<meta name=\"twitter:card\" content=\"summary_large_image\" \/>\n<meta name=\"twitter:label1\" content=\"Tiempo de lectura\" \/>\n\t<meta name=\"twitter:data1\" content=\"4 minutos\" \/>\n<script type=\"application\/ld+json\" class=\"yoast-schema-graph\">{\"@context\":\"https:\\\/\\\/schema.org\",\"@graph\":[{\"@type\":\"WebPage\",\"@id\":\"https:\\\/\\\/bajaisyou.com\\\/es\\\/carrito\\\/\",\"url\":\"https:\\\/\\\/bajaisyou.com\\\/es\\\/carrito\\\/\",\"name\":\"Carrito - Baja is You\",\"isPartOf\":{\"@id\":\"https:\\\/\\\/bajaisyou.com\\\/es\\\/#website\"},\"datePublished\":\"2025-04-21T07:41:07+00:00\",\"dateModified\":\"2026-04-26T18:35:20+00:00\",\"breadcrumb\":{\"@id\":\"https:\\\/\\\/bajaisyou.com\\\/es\\\/carrito\\\/#breadcrumb\"},\"inLanguage\":\"es\",\"potentialAction\":[{\"@type\":\"ReadAction\",\"target\":[\"https:\\\/\\\/bajaisyou.com\\\/es\\\/carrito\\\/\"]}]},{\"@type\":\"BreadcrumbList\",\"@id\":\"https:\\\/\\\/bajaisyou.com\\\/es\\\/carrito\\\/#breadcrumb\",\"itemListElement\":[{\"@type\":\"ListItem\",\"position\":1,\"name\":\"Home\",\"item\":\"https:\\\/\\\/bajaisyou.com\\\/es\\\/\"},{\"@type\":\"ListItem\",\"position\":2,\"name\":\"Carrito\"}]},{\"@type\":\"WebSite\",\"@id\":\"https:\\\/\\\/bajaisyou.com\\\/es\\\/#website\",\"url\":\"https:\\\/\\\/bajaisyou.com\\\/es\\\/\",\"name\":\"Baja is You\",\"description\":\"Destination Specialists\",\"publisher\":{\"@id\":\"https:\\\/\\\/bajaisyou.com\\\/es\\\/#\\\/schema\\\/person\\\/a58438fb8a2d01671e1299923aeb08d8\"},\"potentialAction\":[{\"@type\":\"SearchAction\",\"target\":{\"@type\":\"EntryPoint\",\"urlTemplate\":\"https:\\\/\\\/bajaisyou.com\\\/es\\\/?s={search_term_string}\"},\"query-input\":{\"@type\":\"PropertyValueSpecification\",\"valueRequired\":true,\"valueName\":\"search_term_string\"}}],\"inLanguage\":\"es\"},{\"@type\":[\"Person\",\"Organization\"],\"@id\":\"https:\\\/\\\/bajaisyou.com\\\/es\\\/#\\\/schema\\\/person\\\/a58438fb8a2d01671e1299923aeb08d8\",\"name\":\"Jessica\",\"image\":{\"@type\":\"ImageObject\",\"inLanguage\":\"es\",\"@id\":\"http:\\\/\\\/bajaisyou.com\\\/wp-content\\\/uploads\\\/2024\\\/10\\\/Coco.png\",\"url\":\"http:\\\/\\\/bajaisyou.com\\\/wp-content\\\/uploads\\\/2024\\\/10\\\/Coco.png\",\"contentUrl\":\"http:\\\/\\\/bajaisyou.com\\\/wp-content\\\/uploads\\\/2024\\\/10\\\/Coco.png\",\"width\":768,\"height\":951,\"caption\":\"Jessica\"},\"logo\":{\"@id\":\"http:\\\/\\\/bajaisyou.com\\\/wp-content\\\/uploads\\\/2024\\\/10\\\/Coco.png\"},\"sameAs\":[\"http:\\\/\\\/bajaisyou.com\"]}]}<\/script>\n<!-- \/ Yoast SEO plugin. -->","yoast_head_json":{"title":"Carrito - Baja is You","robots":{"index":"index","follow":"follow","max-snippet":"max-snippet:-1","max-image-preview":"max-image-preview:large","max-video-preview":"max-video-preview:-1"},"canonical":"https:\/\/bajaisyou.com\/es\/carrito\/","og_locale":"es_ES","og_type":"article","og_title":"Carrito - Baja is You","og_description":"[vc_row type=\u00bbin_container\u00bb full_screen_row_position=\u00bbmiddle\u00bb column_margin=\u00bbdefault\u00bb column_direction=\u00bbdefault\u00bb column_direction_tablet=\u00bbdefault\u00bb column_direction_phone=\u00bbdefault\u00bb scene_position=\u00bbcenter\u00bb text_color=\u00bbdark\u00bb text_align=\u00bbleft\u00bb row_border_radius=\u00bbnone\u00bb row_border_radius_applies=\u00bbbg\u00bb overflow=\u00bbvisible\u00bb overlay_strength=\u00bb0.3&#8243; gradient_direction=\u00bbleft_to_right\u00bb shape_divider_position=\u00bbbottom\u00bb bg_image_animation=\u00bbnone\u00bb][vc_column column_padding=\u00bbno-extra-padding\u00bb column_padding_tablet=\u00bbinherit\u00bb column_padding_phone=\u00bbinherit\u00bb column_padding_position=\u00bball\u00bb column_element_direction_desktop=\u00bbdefault\u00bb column_element_spacing=\u00bbdefault\u00bb desktop_text_alignment=\u00bbdefault\u00bb tablet_text_alignment=\u00bbdefault\u00bb phone_text_alignment=\u00bbdefault\u00bb background_color_opacity=\u00bb1&#8243; background_hover_color_opacity=\u00bb1&#8243; column_backdrop_filter=\u00bbnone\u00bb column_shadow=\u00bbnone\u00bb...","og_url":"https:\/\/bajaisyou.com\/es\/carrito\/","og_site_name":"Baja is You","article_modified_time":"2026-04-26T18:35:20+00:00","twitter_card":"summary_large_image","twitter_misc":{"Tiempo de lectura":"4 minutos"},"schema":{"@context":"https:\/\/schema.org","@graph":[{"@type":"WebPage","@id":"https:\/\/bajaisyou.com\/es\/carrito\/","url":"https:\/\/bajaisyou.com\/es\/carrito\/","name":"Carrito - Baja is You","isPartOf":{"@id":"https:\/\/bajaisyou.com\/es\/#website"},"datePublished":"2025-04-21T07:41:07+00:00","dateModified":"2026-04-26T18:35:20+00:00","breadcrumb":{"@id":"https:\/\/bajaisyou.com\/es\/carrito\/#breadcrumb"},"inLanguage":"es","potentialAction":[{"@type":"ReadAction","target":["https:\/\/bajaisyou.com\/es\/carrito\/"]}]},{"@type":"BreadcrumbList","@id":"https:\/\/bajaisyou.com\/es\/carrito\/#breadcrumb","itemListElement":[{"@type":"ListItem","position":1,"name":"Home","item":"https:\/\/bajaisyou.com\/es\/"},{"@type":"ListItem","position":2,"name":"Carrito"}]},{"@type":"WebSite","@id":"https:\/\/bajaisyou.com\/es\/#website","url":"https:\/\/bajaisyou.com\/es\/","name":"Baja is You","description":"Destination Specialists","publisher":{"@id":"https:\/\/bajaisyou.com\/es\/#\/schema\/person\/a58438fb8a2d01671e1299923aeb08d8"},"potentialAction":[{"@type":"SearchAction","target":{"@type":"EntryPoint","urlTemplate":"https:\/\/bajaisyou.com\/es\/?s={search_term_string}"},"query-input":{"@type":"PropertyValueSpecification","valueRequired":true,"valueName":"search_term_string"}}],"inLanguage":"es"},{"@type":["Person","Organization"],"@id":"https:\/\/bajaisyou.com\/es\/#\/schema\/person\/a58438fb8a2d01671e1299923aeb08d8","name":"Jessica","image":{"@type":"ImageObject","inLanguage":"es","@id":"http:\/\/bajaisyou.com\/wp-content\/uploads\/2024\/10\/Coco.png","url":"http:\/\/bajaisyou.com\/wp-content\/uploads\/2024\/10\/Coco.png","contentUrl":"http:\/\/bajaisyou.com\/wp-content\/uploads\/2024\/10\/Coco.png","width":768,"height":951,"caption":"Jessica"},"logo":{"@id":"http:\/\/bajaisyou.com\/wp-content\/uploads\/2024\/10\/Coco.png"},"sameAs":["http:\/\/bajaisyou.com"]}]}},"jetpack_sharing_enabled":true,"_links":{"self":[{"href":"https:\/\/bajaisyou.com\/es\/wp-json\/wp\/v2\/pages\/2143","targetHints":{"allow":["GET"]}}],"collection":[{"href":"https:\/\/bajaisyou.com\/es\/wp-json\/wp\/v2\/pages"}],"about":[{"href":"https:\/\/bajaisyou.com\/es\/wp-json\/wp\/v2\/types\/page"}],"author":[{"embeddable":true,"href":"https:\/\/bajaisyou.com\/es\/wp-json\/wp\/v2\/users\/1"}],"replies":[{"embeddable":true,"href":"https:\/\/bajaisyou.com\/es\/wp-json\/wp\/v2\/comments?post=2143"}],"version-history":[{"count":11,"href":"https:\/\/bajaisyou.com\/es\/wp-json\/wp\/v2\/pages\/2143\/revisions"}],"predecessor-version":[{"id":3201,"href":"https:\/\/bajaisyou.com\/es\/wp-json\/wp\/v2\/pages\/2143\/revisions\/3201"}],"wp:attachment":[{"href":"https:\/\/bajaisyou.com\/es\/wp-json\/wp\/v2\/media?parent=2143"}],"curies":[{"name":"wp","href":"https:\/\/api.w.org\/{rel}","templated":true}]}}