{"id":1671,"date":"2024-10-14T03:52:52","date_gmt":"2024-10-14T03:52:52","guid":{"rendered":"http:\/\/bajaisyou.com\/fuera-corredores\/"},"modified":"2025-05-13T02:05:51","modified_gmt":"2025-05-13T02:05:51","slug":"fuera-corredores","status":"publish","type":"page","link":"https:\/\/bajaisyou.com\/es\/tours-y-servicios\/fuera-corredores\/","title":{"rendered":"Todo Terreno"},"content":{"rendered":"[vc_row type=\u00bbfull_width_background\u00bb full_screen_row_position=\u00bbmiddle\u00bb column_margin=\u00bbdefault\u00bb column_direction=\u00bbdefault\u00bb column_direction_tablet=\u00bbdefault\u00bb column_direction_phone=\u00bbdefault\u00bb bg_image=\u00bb846&#8243; bg_position=\u00bbleft top\u00bb background_image_loading=\u00bbdefault\u00bb bg_repeat=\u00bbno-repeat\u00bb scene_position=\u00bbcenter\u00bb top_padding=\u00bb6%\u00bb bottom_padding=\u00bb9%\u00bb text_color=\u00bblight\u00bb text_align=\u00bbleft\u00bb row_border_radius=\u00bbnone\u00bb row_border_radius_applies=\u00bbbg\u00bb overflow=\u00bbvisible\u00bb enable_gradient=\u00bbtrue\u00bb color_overlay=\u00bb#694628&#8243; color_overlay_2=\u00bb#9b7d61&#8243; overlay_strength=\u00bb0.8&#8243; gradient_direction=\u00bbleft_b_to_right_t\u00bb enable_shape_divider=\u00bbtrue\u00bb shape_divider_position=\u00bbbottom\u00bb shape_divider_height=\u00bb350&#8243; bg_image_animation=\u00bbnone\u00bb parallax_bg=\u00bbtrue\u00bb parallax_bg_speed=\u00bbfast\u00bb shape_type=\u00bbtriangle\u00bb gradient_type=\u00bbdefault\u00bb][vc_column column_padding=\u00bbno-extra-padding\u00bb column_padding_tablet=\u00bbinherit\u00bb column_padding_phone=\u00bbinherit\u00bb column_padding_position=\u00bball\u00bb column_element_direction_desktop=\u00bbdefault\u00bb column_element_spacing=\u00bbdefault\u00bb desktop_text_alignment=\u00bbdefault\u00bb tablet_text_alignment=\u00bbdefault\u00bb phone_text_alignment=\u00bbdefault\u00bb background_color_opacity=\u00bb1&#8243; background_hover_color_opacity=\u00bb1&#8243; column_backdrop_filter=\u00bbnone\u00bb column_shadow=\u00bbnone\u00bb column_border_radius=\u00bbnone\u00bb column_link_target=\u00bb_self\u00bb column_position=\u00bbdefault\u00bb gradient_direction=\u00bbleft_to_right\u00bb overlay_strength=\u00bb0.3&#8243; width=\u00bb1\/2&#8243; tablet_width_inherit=\u00bbdefault\u00bb animation_type=\u00bbdefault\u00bb bg_image_animation=\u00bbnone\u00bb border_type=\u00bbsimple\u00bb column_border_width=\u00bbnone\u00bb column_border_style=\u00bbsolid\u00bb][split_line_heading animation_type=\u00bbdefault\u00bb text_direction=\u00bbdefault\u00bb]\n<h1>ATVS y<\/h1>\n<h1>Todoterreno<\/h1>\n[\/split_line_heading][vc_row_inner column_margin=\u00bbdefault\u00bb column_direction=\u00bbdefault\u00bb column_direction_tablet=\u00bbdefault\u00bb column_direction_phone=\u00bbdefault\u00bb text_align=\u00bbleft\u00bb row_position=\u00bbdefault\u00bb row_position_tablet=\u00bbinherit\u00bb row_position_phone=\u00bbinherit\u00bb overflow=\u00bbvisible\u00bb pointer_events=\u00bball\u00bb][vc_column_inner column_padding=\u00bbno-extra-padding\u00bb column_padding_tablet=\u00bbinherit\u00bb column_padding_phone=\u00bbinherit\u00bb column_padding_position=\u00bball\u00bb column_element_direction_desktop=\u00bbdefault\u00bb column_element_spacing=\u00bbdefault\u00bb desktop_text_alignment=\u00bbdefault\u00bb tablet_text_alignment=\u00bbdefault\u00bb phone_text_alignment=\u00bbdefault\u00bb background_color_opacity=\u00bb1&#8243; background_hover_color_opacity=\u00bb1&#8243; column_backdrop_filter=\u00bbnone\u00bb column_shadow=\u00bbnone\u00bb column_border_radius=\u00bbnone\u00bb column_link_target=\u00bb_self\u00bb overflow=\u00bbvisible\u00bb gradient_direction=\u00bbleft_to_right\u00bb overlay_strength=\u00bb0.3&#8243; width=\u00bb1\/1&#8243; tablet_width_inherit=\u00bbdefault\u00bb animation_type=\u00bbdefault\u00bb enable_animation=\u00bbtrue\u00bb animation=\u00bbfade-in-from-bottom\u00bb animation_easing=\u00bbdefault\u00bb bg_image_animation=\u00bbnone\u00bb border_type=\u00bbsimple\u00bb column_border_width=\u00bbnone\u00bb column_border_style=\u00bbsolid\u00bb delay=\u00bb200&#8243;][vc_custom_heading text=\u00bb\u00a1Prep\u00e1rate para una aventura llena de acci\u00f3n con nuestras excursiones en ATV y veh\u00edculos todo-terreno en Los Cabos! Explora terrenos des\u00e9rticos escarpados, pintorescos senderos de monta\u00f1a e impresionantes caminos costeros mientras recorres el coraz\u00f3n de la belleza natural de Los Cabos. Tanto si eres un piloto experimentado como si es tu primera vez, nuestras rutas prometen una experiencia todo-terreno inolvidable llena de emoci\u00f3n y vistas impresionantes.\u00bb font_container=\u00bbtag:h4|font_size:20|text_align:left|color:rgba(255%2C255%2C255%2C0.7)|line_height:36px\u00bb google_fonts=\u00bbfont_family:Roboto%3A100%2C100italic%2C300%2C300italic%2Cregular%2Citalic%2C500%2C500italic%2C700%2C700italic%2C900%2C900italic|font_style:500%20bold%20regular%3A500%3Anormal\u00bb css=\u00bb\u00bb][divider line_type=\u00bbNo Line\u00bb custom_height=\u00bb200&#8243;][\/vc_column_inner][\/vc_row_inner][\/vc_column][vc_column column_padding=\u00bbno-extra-padding\u00bb column_padding_tablet=\u00bbinherit\u00bb column_padding_phone=\u00bbinherit\u00bb column_padding_position=\u00bball\u00bb column_element_direction_desktop=\u00bbdefault\u00bb column_element_spacing=\u00bbdefault\u00bb desktop_text_alignment=\u00bbdefault\u00bb tablet_text_alignment=\u00bbdefault\u00bb phone_text_alignment=\u00bbdefault\u00bb background_color_opacity=\u00bb1&#8243; background_hover_color_opacity=\u00bb1&#8243; column_backdrop_filter=\u00bbnone\u00bb column_shadow=\u00bbnone\u00bb column_border_radius=\u00bbnone\u00bb column_link_target=\u00bb_self\u00bb column_position=\u00bbdefault\u00bb gradient_direction=\u00bbleft_to_right\u00bb overlay_strength=\u00bb0.3&#8243; width=\u00bb1\/2&#8243; tablet_width_inherit=\u00bbdefault\u00bb animation_type=\u00bbdefault\u00bb bg_image_animation=\u00bbnone\u00bb border_type=\u00bbsimple\u00bb column_border_width=\u00bbnone\u00bb column_border_style=\u00bbsolid\u00bb][vc_row_inner column_margin=\u00bbdefault\u00bb column_direction=\u00bbdefault\u00bb column_direction_tablet=\u00bbdefault\u00bb column_direction_phone=\u00bbdefault\u00bb left_padding_desktop=\u00bb65&#8243; text_align=\u00bbleft\u00bb row_position=\u00bbdefault\u00bb row_position_tablet=\u00bbinherit\u00bb row_position_phone=\u00bbinherit\u00bb overflow=\u00bbvisible\u00bb pointer_events=\u00bball\u00bb][vc_column_inner column_padding=\u00bbno-extra-padding\u00bb column_padding_tablet=\u00bbinherit\u00bb column_padding_phone=\u00bbinherit\u00bb column_padding_position=\u00bball\u00bb column_element_direction_desktop=\u00bbdefault\u00bb column_element_spacing=\u00bbdefault\u00bb desktop_text_alignment=\u00bbdefault\u00bb tablet_text_alignment=\u00bbdefault\u00bb phone_text_alignment=\u00bbdefault\u00bb background_color_opacity=\u00bb1&#8243; background_hover_color_opacity=\u00bb1&#8243; column_backdrop_filter=\u00bbnone\u00bb column_shadow=\u00bbnone\u00bb column_border_radius=\u00bbnone\u00bb column_link_target=\u00bb_self\u00bb overflow=\u00bbvisible\u00bb gradient_direction=\u00bbleft_to_right\u00bb overlay_strength=\u00bb0.3&#8243; width=\u00bb1\/1&#8243; tablet_width_inherit=\u00bbdefault\u00bb animation_type=\u00bbdefault\u00bb bg_image_animation=\u00bbnone\u00bb border_type=\u00bbsimple\u00bb column_border_width=\u00bbnone\u00bb column_border_style=\u00bbsolid\u00bb][divider line_type=\u00bbNo Line\u00bb custom_height=\u00bb100&#8243;][nectar_btn size=\u00bbjumbo\u00bb button_style=\u00bbsee-through-2&#8243; color_override=\u00bb#ffffff\u00bb hover_color_override=\u00bb#ffffff\u00bb hover_text_color_override=\u00bb#000000&#8243; icon_family=\u00bbnone\u00bb text=\u00bbBaja Is &#8211; Todo Terreno\u00bb margin_top=\u00bb30&#8243;][\/vc_column_inner][\/vc_row_inner][\/vc_column][\/vc_row]\n","protected":false},"excerpt":{"rendered":"<p>[vc_row type=\u00bbfull_width_background\u00bb full_screen_row_position=\u00bbmiddle\u00bb column_margin=\u00bbdefault\u00bb column_direction=\u00bbdefault\u00bb column_direction_tablet=\u00bbdefault\u00bb column_direction_phone=\u00bbdefault\u00bb bg_image=\u00bb846&#8243; bg_position=\u00bbleft top\u00bb background_image_loading=\u00bbdefault\u00bb bg_repeat=\u00bbno-repeat\u00bb scene_position=\u00bbcenter\u00bb top_padding=\u00bb6%\u00bb bottom_padding=\u00bb9%\u00bb text_color=\u00bblight\u00bb text_align=\u00bbleft\u00bb row_border_radius=\u00bbnone\u00bb row_border_radius_applies=\u00bbbg\u00bb overflow=\u00bbvisible\u00bb enable_gradient=\u00bbtrue\u00bb color_overlay=\u00bb#694628&#8243; color_overlay_2=\u00bb#9b7d61&#8243; overlay_strength=\u00bb0.8&#8243; gradient_direction=\u00bbleft_b_to_right_t\u00bb enable_shape_divider=\u00bbtrue\u00bb shape_divider_position=\u00bbbottom\u00bb shape_divider_height=\u00bb350&#8243; bg_image_animation=\u00bbnone\u00bb parallax_bg=\u00bbtrue\u00bb&#8230;<\/p>\n","protected":false},"author":1,"featured_media":0,"parent":1724,"menu_order":0,"comment_status":"closed","ping_status":"closed","template":"","meta":{"footnotes":""},"class_list":["post-1671","page","type-page","status-publish"],"acf":[],"yoast_head":"<!-- This site is optimized with the Yoast SEO plugin v27.4 - https:\/\/yoast.com\/product\/yoast-seo-wordpress\/ -->\n<title>Todo Terreno - Baja is You<\/title>\n<meta name=\"description\" content=\"Vive la aventura en Baja California con tours off-road llenos de adrenalina. Descubre paisajes \u00fanicos con Baja Is You, tu gu\u00eda en la aventura todo terreno. Recorre desiertos, monta\u00f1as y playas con gu\u00edas expertos y el mejor equipo. Vive una experiencia off-road inolvidable en Baja California. Reserva tu aventura Hoy!\" \/>\n<meta name=\"robots\" content=\"index, follow, max-snippet:-1, max-image-preview:large, max-video-preview:-1\" \/>\n<link rel=\"canonical\" href=\"https:\/\/bajaisyou.com\/es\/tours-y-servicios\/fuera-corredores\/\" \/>\n<meta property=\"og:locale\" content=\"es_ES\" \/>\n<meta property=\"og:type\" content=\"article\" \/>\n<meta property=\"og:title\" content=\"Todo Terreno - Baja is You\" \/>\n<meta property=\"og:description\" content=\"Vive la aventura en Baja California con tours off-road llenos de adrenalina. Descubre paisajes \u00fanicos con Baja Is You, tu gu\u00eda en la aventura todo terreno. Recorre desiertos, monta\u00f1as y playas con gu\u00edas expertos y el mejor equipo. Vive una experiencia off-road inolvidable en Baja California. Reserva tu aventura Hoy!\" \/>\n<meta property=\"og:url\" content=\"https:\/\/bajaisyou.com\/es\/tours-y-servicios\/fuera-corredores\/\" \/>\n<meta property=\"og:site_name\" content=\"Baja is You\" \/>\n<meta property=\"article:modified_time\" content=\"2025-05-13T02:05:51+00:00\" \/>\n<meta name=\"twitter:card\" content=\"summary_large_image\" \/>\n<meta name=\"twitter:label1\" content=\"Tiempo de lectura\" \/>\n\t<meta name=\"twitter:data1\" content=\"4 minutos\" \/>\n<script type=\"application\/ld+json\" class=\"yoast-schema-graph\">{\"@context\":\"https:\\\/\\\/schema.org\",\"@graph\":[{\"@type\":\"WebPage\",\"@id\":\"https:\\\/\\\/bajaisyou.com\\\/es\\\/tours-y-servicios\\\/fuera-corredores\\\/\",\"url\":\"https:\\\/\\\/bajaisyou.com\\\/es\\\/tours-y-servicios\\\/fuera-corredores\\\/\",\"name\":\"Todo Terreno - Baja is You\",\"isPartOf\":{\"@id\":\"https:\\\/\\\/bajaisyou.com\\\/es\\\/#website\"},\"datePublished\":\"2024-10-14T03:52:52+00:00\",\"dateModified\":\"2025-05-13T02:05:51+00:00\",\"description\":\"Vive la aventura en Baja California con tours off-road llenos de adrenalina. Descubre paisajes \u00fanicos con Baja Is You, tu gu\u00eda en la aventura todo terreno. Recorre desiertos, monta\u00f1as y playas con gu\u00edas expertos y el mejor equipo. Vive una experiencia off-road inolvidable en Baja California. Reserva tu aventura Hoy!\",\"breadcrumb\":{\"@id\":\"https:\\\/\\\/bajaisyou.com\\\/es\\\/tours-y-servicios\\\/fuera-corredores\\\/#breadcrumb\"},\"inLanguage\":\"es\",\"potentialAction\":[{\"@type\":\"ReadAction\",\"target\":[\"https:\\\/\\\/bajaisyou.com\\\/es\\\/tours-y-servicios\\\/fuera-corredores\\\/\"]}]},{\"@type\":\"BreadcrumbList\",\"@id\":\"https:\\\/\\\/bajaisyou.com\\\/es\\\/tours-y-servicios\\\/fuera-corredores\\\/#breadcrumb\",\"itemListElement\":[{\"@type\":\"ListItem\",\"position\":1,\"name\":\"Home\",\"item\":\"https:\\\/\\\/bajaisyou.com\\\/es\\\/\"},{\"@type\":\"ListItem\",\"position\":2,\"name\":\"Tours y Servicios\",\"item\":\"https:\\\/\\\/bajaisyou.com\\\/es\\\/tours-y-servicios\\\/\"},{\"@type\":\"ListItem\",\"position\":3,\"name\":\"Todo Terreno\"}]},{\"@type\":\"WebSite\",\"@id\":\"https:\\\/\\\/bajaisyou.com\\\/es\\\/#website\",\"url\":\"https:\\\/\\\/bajaisyou.com\\\/es\\\/\",\"name\":\"Baja is You\",\"description\":\"Destination Specialists\",\"publisher\":{\"@id\":\"https:\\\/\\\/bajaisyou.com\\\/es\\\/#\\\/schema\\\/person\\\/a58438fb8a2d01671e1299923aeb08d8\"},\"potentialAction\":[{\"@type\":\"SearchAction\",\"target\":{\"@type\":\"EntryPoint\",\"urlTemplate\":\"https:\\\/\\\/bajaisyou.com\\\/es\\\/?s={search_term_string}\"},\"query-input\":{\"@type\":\"PropertyValueSpecification\",\"valueRequired\":true,\"valueName\":\"search_term_string\"}}],\"inLanguage\":\"es\"},{\"@type\":[\"Person\",\"Organization\"],\"@id\":\"https:\\\/\\\/bajaisyou.com\\\/es\\\/#\\\/schema\\\/person\\\/a58438fb8a2d01671e1299923aeb08d8\",\"name\":\"Jessica\",\"image\":{\"@type\":\"ImageObject\",\"inLanguage\":\"es\",\"@id\":\"http:\\\/\\\/bajaisyou.com\\\/wp-content\\\/uploads\\\/2024\\\/10\\\/Coco.png\",\"url\":\"http:\\\/\\\/bajaisyou.com\\\/wp-content\\\/uploads\\\/2024\\\/10\\\/Coco.png\",\"contentUrl\":\"http:\\\/\\\/bajaisyou.com\\\/wp-content\\\/uploads\\\/2024\\\/10\\\/Coco.png\",\"width\":768,\"height\":951,\"caption\":\"Jessica\"},\"logo\":{\"@id\":\"http:\\\/\\\/bajaisyou.com\\\/wp-content\\\/uploads\\\/2024\\\/10\\\/Coco.png\"},\"sameAs\":[\"http:\\\/\\\/bajaisyou.com\"]}]}<\/script>\n<!-- \/ Yoast SEO plugin. -->","yoast_head_json":{"title":"Todo Terreno - Baja is You","description":"Vive la aventura en Baja California con tours off-road llenos de adrenalina. Descubre paisajes \u00fanicos con Baja Is You, tu gu\u00eda en la aventura todo terreno. Recorre desiertos, monta\u00f1as y playas con gu\u00edas expertos y el mejor equipo. Vive una experiencia off-road inolvidable en Baja California. Reserva tu aventura Hoy!","robots":{"index":"index","follow":"follow","max-snippet":"max-snippet:-1","max-image-preview":"max-image-preview:large","max-video-preview":"max-video-preview:-1"},"canonical":"https:\/\/bajaisyou.com\/es\/tours-y-servicios\/fuera-corredores\/","og_locale":"es_ES","og_type":"article","og_title":"Todo Terreno - Baja is You","og_description":"Vive la aventura en Baja California con tours off-road llenos de adrenalina. Descubre paisajes \u00fanicos con Baja Is You, tu gu\u00eda en la aventura todo terreno. Recorre desiertos, monta\u00f1as y playas con gu\u00edas expertos y el mejor equipo. Vive una experiencia off-road inolvidable en Baja California. Reserva tu aventura Hoy!","og_url":"https:\/\/bajaisyou.com\/es\/tours-y-servicios\/fuera-corredores\/","og_site_name":"Baja is You","article_modified_time":"2025-05-13T02:05:51+00:00","twitter_card":"summary_large_image","twitter_misc":{"Tiempo de lectura":"4 minutos"},"schema":{"@context":"https:\/\/schema.org","@graph":[{"@type":"WebPage","@id":"https:\/\/bajaisyou.com\/es\/tours-y-servicios\/fuera-corredores\/","url":"https:\/\/bajaisyou.com\/es\/tours-y-servicios\/fuera-corredores\/","name":"Todo Terreno - Baja is You","isPartOf":{"@id":"https:\/\/bajaisyou.com\/es\/#website"},"datePublished":"2024-10-14T03:52:52+00:00","dateModified":"2025-05-13T02:05:51+00:00","description":"Vive la aventura en Baja California con tours off-road llenos de adrenalina. Descubre paisajes \u00fanicos con Baja Is You, tu gu\u00eda en la aventura todo terreno. Recorre desiertos, monta\u00f1as y playas con gu\u00edas expertos y el mejor equipo. Vive una experiencia off-road inolvidable en Baja California. Reserva tu aventura Hoy!","breadcrumb":{"@id":"https:\/\/bajaisyou.com\/es\/tours-y-servicios\/fuera-corredores\/#breadcrumb"},"inLanguage":"es","potentialAction":[{"@type":"ReadAction","target":["https:\/\/bajaisyou.com\/es\/tours-y-servicios\/fuera-corredores\/"]}]},{"@type":"BreadcrumbList","@id":"https:\/\/bajaisyou.com\/es\/tours-y-servicios\/fuera-corredores\/#breadcrumb","itemListElement":[{"@type":"ListItem","position":1,"name":"Home","item":"https:\/\/bajaisyou.com\/es\/"},{"@type":"ListItem","position":2,"name":"Tours y Servicios","item":"https:\/\/bajaisyou.com\/es\/tours-y-servicios\/"},{"@type":"ListItem","position":3,"name":"Todo Terreno"}]},{"@type":"WebSite","@id":"https:\/\/bajaisyou.com\/es\/#website","url":"https:\/\/bajaisyou.com\/es\/","name":"Baja is You","description":"Destination Specialists","publisher":{"@id":"https:\/\/bajaisyou.com\/es\/#\/schema\/person\/a58438fb8a2d01671e1299923aeb08d8"},"potentialAction":[{"@type":"SearchAction","target":{"@type":"EntryPoint","urlTemplate":"https:\/\/bajaisyou.com\/es\/?s={search_term_string}"},"query-input":{"@type":"PropertyValueSpecification","valueRequired":true,"valueName":"search_term_string"}}],"inLanguage":"es"},{"@type":["Person","Organization"],"@id":"https:\/\/bajaisyou.com\/es\/#\/schema\/person\/a58438fb8a2d01671e1299923aeb08d8","name":"Jessica","image":{"@type":"ImageObject","inLanguage":"es","@id":"http:\/\/bajaisyou.com\/wp-content\/uploads\/2024\/10\/Coco.png","url":"http:\/\/bajaisyou.com\/wp-content\/uploads\/2024\/10\/Coco.png","contentUrl":"http:\/\/bajaisyou.com\/wp-content\/uploads\/2024\/10\/Coco.png","width":768,"height":951,"caption":"Jessica"},"logo":{"@id":"http:\/\/bajaisyou.com\/wp-content\/uploads\/2024\/10\/Coco.png"},"sameAs":["http:\/\/bajaisyou.com"]}]}},"jetpack_sharing_enabled":true,"_links":{"self":[{"href":"https:\/\/bajaisyou.com\/es\/wp-json\/wp\/v2\/pages\/1671","targetHints":{"allow":["GET"]}}],"collection":[{"href":"https:\/\/bajaisyou.com\/es\/wp-json\/wp\/v2\/pages"}],"about":[{"href":"https:\/\/bajaisyou.com\/es\/wp-json\/wp\/v2\/types\/page"}],"author":[{"embeddable":true,"href":"https:\/\/bajaisyou.com\/es\/wp-json\/wp\/v2\/users\/1"}],"replies":[{"embeddable":true,"href":"https:\/\/bajaisyou.com\/es\/wp-json\/wp\/v2\/comments?post=1671"}],"version-history":[{"count":4,"href":"https:\/\/bajaisyou.com\/es\/wp-json\/wp\/v2\/pages\/1671\/revisions"}],"predecessor-version":[{"id":1871,"href":"https:\/\/bajaisyou.com\/es\/wp-json\/wp\/v2\/pages\/1671\/revisions\/1871"}],"up":[{"embeddable":true,"href":"https:\/\/bajaisyou.com\/es\/wp-json\/wp\/v2\/pages\/1724"}],"wp:attachment":[{"href":"https:\/\/bajaisyou.com\/es\/wp-json\/wp\/v2\/media?parent=1671"}],"curies":[{"name":"wp","href":"https:\/\/api.w.org\/{rel}","templated":true}]}}